{"id":5290,"date":"2023-10-08T12:43:22","date_gmt":"2023-10-08T10:43:22","guid":{"rendered":"https:\/\/wpwerk.com\/bronze-hosting-plan\/"},"modified":"2024-05-09T14:05:57","modified_gmt":"2024-05-09T12:05:57","slug":"bronze-webhotel","status":"publish","type":"page","link":"https:\/\/wpwerk.com\/da\/bronze-webhotel\/","title":{"rendered":"Bronze webhotel"},"content":{"rendered":"\n<div class=\"wp-block-uagb-container uagb-block-f5a18465 alignfull uagb-is-root-container\"><div class=\"uagb-container-inner-blocks-wrap\">\n<div class=\"wp-block-uagb-container uagb-block-e209f16e\">\n<div class=\"wp-block-uagb-advanced-heading uagb-block-637caee3\"><div class=\"uagb-separator\"><\/div><h6 class=\"uagb-heading-text\">Your Attractive Heading<\/h6><\/div>\n<\/div>\n\n\n\n<div class=\"wp-block-uagb-container uagb-block-76fb3ccb\">\n<div class=\"wp-block-uagb-advanced-heading uagb-block-873ca15a\"><h1 class=\"uagb-heading-text\">Bronze Webhotel<\/h1><\/div>\n<\/div>\n<\/div><\/div>\n\n\n\n<div class=\"wp-block-uagb-container uagb-block-4c701ec1 alignfull uagb-is-root-container\"><div class=\"uagb-container-inner-blocks-wrap\">\n<div class=\"wp-block-uagb-container uagb-block-02709f65\">\n<div class=\"wp-block-uagb-advanced-heading uagb-block-407421e5\"><h6 class=\"uagb-heading-text\">01<\/h6><\/div>\n\n\n\n<div class=\"wp-block-uagb-advanced-heading uagb-block-8588c656\"><h5 class=\"uagb-heading-text\">Product<\/h5><\/div>\n<\/div>\n\n\n\n<div class=\"wp-block-uagb-container uagb-block-00b898d5\">\n<div class=\"wp-block-uagb-advanced-heading uagb-block-fcc87e29\"><h2 class=\"uagb-heading-text\">Bronze Webhotel<\/h2><\/div>\n<\/div>\n<\/div><\/div>\n\n\n\n<div class=\"wp-block-uagb-container uagb-block-4f542cf3 alignfull uagb-is-root-container\"><div class=\"uagb-container-inner-blocks-wrap\">\n<div class=\"wp-block-uagb-container uagb-block-b8f7fd88\">\n<div class=\"wp-block-uagb-container uagb-block-dd243093\">\n<div class=\"wp-block-uagb-container uagb-block-768c3025\">\n<h4 class=\"wp-block-heading\">Introduktion til vores bronze webhotel<\/h4>\n\n\n\n<h5 class=\"wp-block-heading\">Perfekt til sm\u00e5 websteder og personlige blogs<\/h5>\n\n\n\n<p>I det enorme landskab af den digitale verden, hvor enhver online satsning har sine unikke krav, fremst\u00e5r vores Bronze Hosting Plan som den ideelle l\u00f8sning for dem, der starter i det sm\u00e5, men dr\u00f8mmer stort. Skr\u00e6ddersyet med pr\u00e6cision og omhu, denne plan er udformet til at im\u00f8dekomme de specifikke behov p\u00e5 sm\u00e5 websteder og personlige blogs, hvilket giver et solidt grundlag for din online tilstedev\u00e6relse.<\/p>\n<\/div>\n\n\n\n<div class=\"wp-block-uagb-container uagb-block-ef18d5f6\">\n<div class=\"wp-block-uagb-icon-list uagb-block-d1156566\"><div class=\"uagb-icon-list__wrap\">\n<div class=\"wp-block-uagb-icon-list-child uagb-block-3d25fe3a\"><span class=\"uagb-icon-list__source-wrap\"><svg xmlns=\"https:\/\/www.w3.org\/2000\/svg\" viewBox=\"0 0 448 512\"><path d=\"M438.6 105.4C451.1 117.9 451.1 138.1 438.6 150.6L182.6 406.6C170.1 419.1 149.9 419.1 137.4 406.6L9.372 278.6C-3.124 266.1-3.124 245.9 9.372 233.4C21.87 220.9 42.13 220.9 54.63 233.4L159.1 338.7L393.4 105.4C405.9 92.88 426.1 92.88 438.6 105.4H438.6z\"><\/path><\/svg><\/span><span class=\"uagb-icon-list__label\">1GB memory<\/span><\/div>\n\n\n\n<div class=\"wp-block-uagb-icon-list-child uagb-block-c1f8614e\"><span class=\"uagb-icon-list__source-wrap\"><svg xmlns=\"https:\/\/www.w3.org\/2000\/svg\" viewBox=\"0 0 448 512\"><path d=\"M438.6 105.4C451.1 117.9 451.1 138.1 438.6 150.6L182.6 406.6C170.1 419.1 149.9 419.1 137.4 406.6L9.372 278.6C-3.124 266.1-3.124 245.9 9.372 233.4C21.87 220.9 42.13 220.9 54.63 233.4L159.1 338.7L393.4 105.4C405.9 92.88 426.1 92.88 438.6 105.4H438.6z\"><\/path><\/svg><\/span><span class=\"uagb-icon-list__label\">1 vCPU<\/span><\/div>\n\n\n\n<div class=\"wp-block-uagb-icon-list-child uagb-block-20e08236\"><span class=\"uagb-icon-list__source-wrap\"><svg xmlns=\"https:\/\/www.w3.org\/2000\/svg\" viewBox=\"0 0 448 512\"><path d=\"M438.6 105.4C451.1 117.9 451.1 138.1 438.6 150.6L182.6 406.6C170.1 419.1 149.9 419.1 137.4 406.6L9.372 278.6C-3.124 266.1-3.124 245.9 9.372 233.4C21.87 220.9 42.13 220.9 54.63 233.4L159.1 338.7L393.4 105.4C405.9 92.88 426.1 92.88 438.6 105.4H438.6z\"><\/path><\/svg><\/span><span class=\"uagb-icon-list__label\">25GB storage<\/span><\/div>\n\n\n\n<div class=\"wp-block-uagb-icon-list-child uagb-block-a8ab16f9\"><span class=\"uagb-icon-list__source-wrap\"><svg xmlns=\"https:\/\/www.w3.org\/2000\/svg\" viewBox=\"0 0 448 512\"><path d=\"M438.6 105.4C451.1 117.9 451.1 138.1 438.6 150.6L182.6 406.6C170.1 419.1 149.9 419.1 137.4 406.6L9.372 278.6C-3.124 266.1-3.124 245.9 9.372 233.4C21.87 220.9 42.13 220.9 54.63 233.4L159.1 338.7L393.4 105.4C405.9 92.88 426.1 92.88 438.6 105.4H438.6z\"><\/path><\/svg><\/span><span class=\"uagb-icon-list__label\">1TB b\u00e5ndbredde<\/span><\/div>\n\n\n\n<div class=\"wp-block-uagb-icon-list-child uagb-block-1899788f\"><span class=\"uagb-icon-list__source-wrap\"><svg xmlns=\"https:\/\/www.w3.org\/2000\/svg\" viewBox=\"0 0 448 512\"><path d=\"M438.6 105.4C451.1 117.9 451.1 138.1 438.6 150.6L182.6 406.6C170.1 419.1 149.9 419.1 137.4 406.6L9.372 278.6C-3.124 266.1-3.124 245.9 9.372 233.4C21.87 220.9 42.13 220.9 54.63 233.4L159.1 338.7L393.4 105.4C405.9 92.88 426.1 92.88 438.6 105.4H438.6z\"><\/path><\/svg><\/span><span class=\"uagb-icon-list__label\">20K\/md. est. bes\u00f8gende<\/span><\/div>\n<\/div><\/div>\n\n\n\n<div class=\"wp-block-uagb-container uagb-block-6199815c\"><h3 class=\"price-teaser\">&euro;35<\/h3>\n\n\n<p class=\"product woocommerce add_to_cart_inline \" style=\"border:4px solid #ccc; padding: 12px;\"><a href=\"\/da\/wp-json\/wp\/v2\/pages\/5290?add-to-cart=1167\" aria-describedby=\"woocommerce_loop_add_to_cart_link_describedby_1167\" data-quantity=\"1\" class=\"button product_type_simple add_to_cart_button ajax_add_to_cart\" data-product_id=\"1167\" data-product_sku=\"\" aria-label=\"L\u00e6g i kurv: &ldquo;Bronze hosting plan 1 year&rdquo;\" rel=\"nofollow\" data-success_message=\"&ldquo;Bronze hosting plan 1 year&rdquo; er blevet tilf\u00f8jet til din kurv\">Buy<\/a>\t<span id=\"woocommerce_loop_add_to_cart_link_describedby_1167\" class=\"screen-reader-text\">\n\t\t\t<\/span>\n<\/p>\n<\/div>\n\n\n\n<p style=\"font-size:11px\"><em>Pris pr. m\u00e5ned, betales \u00e5rligt<\/em><\/p>\n\n\n<div class=\"wcml-dropdown-click product wcml_currency_switcher js-wcml-dropdown-click\">\n\t<ul>\n\t\t<li class=\"wcml-cs-active-currency\">\n\t\t\t<a class=\"js-wcml-dropdown-click-toggle wcml-cs-item-toggle\">Euro (&euro;) - EUR<\/a>\n\t\t\t<ul class=\"wcml-cs-submenu js-wcml-dropdown-click-submenu\">\n\t\t\t\t\t\t\t\t\t\t\t\t\t\t\t\t\t\t\t\t\t\t\t\t<li>\n\t\t\t\t\t\t\t<a rel=\"DKK\">Dansk krone (kr.) - DKK<\/a>\n\t\t\t\t\t\t<\/li>\n\t\t\t\t\t\t\t\t\t\t\t\t<\/ul>\n\t\t<\/li>\n\t<\/ul>\n<\/div>\n<\/div>\n<\/div>\n\n\n\n<div class=\"wp-block-uagb-container uagb-block-453b3c0d\">\n<div class=\"wp-block-uagb-container uagb-block-b9d0de20\">\n<h3 class=\"wp-block-heading\">N\u00f8glefunktioner:<\/h3>\n\n\n\n<p>1. <strong>Skalerbare ressourcer:<\/strong><\/p>\n\n\n\n<ul class=\"wp-block-list\">\n<li>Bronze-hostingplanen tilbyder den helt rigtige m\u00e6ngde ressourcer til sm\u00e5 websteder og personlige blogs.<\/li>\n\n\n\n<li>Nyd tilstr\u00e6kkelig lagerplads og b\u00e5ndbredde til at rumme dit indhold uden at overv\u00e6lde dine oprindelige hostingbehov.<\/li>\n<\/ul>\n\n\n\n<p><strong>2. Brugervenligt kontrolpanel:<\/strong><\/p>\n\n\n\n<ul class=\"wp-block-list\">\n<li>Vores intuitive kontrolpanel sikrer, at selv de, der er nybegyndere til webstedsadministration, nemt kan navigere og foretage opdateringer.<\/li>\n\n\n\n<li>H\u00e5ndter ubesv\u00e6ret opgaver s\u00e5som upload af indhold, dom\u00e6neadministration og e-mail-konfigurationer med en brugervenlig gr\u00e6nseflade.<\/li>\n<\/ul>\n\n\n\n<p><strong>3. P\u00e5lidelig ydeevne:<\/strong><\/p>\n\n\n\n<ul class=\"wp-block-list\">\n<li>Oplev p\u00e5lidelig og ensartet hjemmesideydelse, hvilket sikrer, at dine bes\u00f8gende f\u00e5r en problemfri browsingoplevelse.<\/li>\n\n\n\n<li>Bronze-planen er optimeret til at h\u00e5ndtere moderate trafikbelastninger effektivt, hvilket holder din hjemmeside tilg\u00e6ngelig og responsiv.<\/li>\n<\/ul>\n\n\n\n<p><strong>4. Omkostningseffektiv l\u00f8sning:<\/strong><\/p>\n\n\n\n<ul class=\"wp-block-list\">\n<li>Vi forst\u00e5r de budgetm\u00e6ssige begr\u00e6nsninger, der ofte f\u00f8lger med sm\u00e5 satsninger. Bronze-planen skaber en perfekt balance mellem funktioner og overkommelighed.<\/li>\n\n\n\n<li>Nyd fordelene ved p\u00e5lidelig hosting uden at bryde banken, hvilket g\u00f8r det til et fremragende valg for startups og enkeltpersoner.<\/li>\n<\/ul>\n\n\n\n<p><strong>5. Kunde support:<\/strong><\/p>\n\n\n\n<ul class=\"wp-block-list\">\n<li>Vores kundesupportteam st\u00e5r klar til at hj\u00e6lpe dig p\u00e5 din rejse. Selvom dette er en grundl\u00e6ggende plan, forbliver vores forpligtelse til kundetilfredshed urokkelig.<\/li>\n\n\n\n<li>Tag fat i os, n\u00e5r som helst du har brug for hj\u00e6lp, og vi vil sikre, at din hostingoplevelse er glat og problemfri.<\/li>\n<\/ul>\n\n\n\n<h3 class=\"wp-block-heading\">Konklusion:<\/h3>\n\n\n\n<p>Bronze-hostingplanen hos WPWerk er mere end blot et udgangspunkt; det er grundlaget, hvorp\u00e5 du kan bygge og udvide din online tilstedev\u00e6relse. Uanset om du er en blogger, der deler dine tanker med verden, eller en lille virksomhed, der tager sine f\u00f8rste skridt online, giver denne plan de v\u00e6sentlige v\u00e6rkt\u00f8jer og ressourcer til at kickstarte din digitale rejse. Omfavn Bronze-planens enkelhed, p\u00e5lidelighed og overkommelige pris, n\u00e5r du begiver dig ud p\u00e5 dit onlineeventyr med tillid. Din hjemmesides historie begynder her!<\/p>\n<\/div>\n\n\n\n<div class=\"wp-block-uagb-container uagb-block-b46e51fc\">\n<div class=\"wp-block-uagb-container uagb-block-950c0b88\">\n<div class=\"wp-block-uagb-icon-list uagb-block-0f5711bd\"><div class=\"uagb-icon-list__wrap\">\n<div class=\"wp-block-uagb-icon-list-child uagb-block-3dc17843\"><span class=\"uagb-icon-list__source-wrap\"><svg xmlns=\"https:\/\/www.w3.org\/2000\/svg\" viewBox=\"0 0 448 512\"><path d=\"M438.6 105.4C451.1 117.9 451.1 138.1 438.6 150.6L182.6 406.6C170.1 419.1 149.9 419.1 137.4 406.6L9.372 278.6C-3.124 266.1-3.124 245.9 9.372 233.4C21.87 220.9 42.13 220.9 54.63 233.4L159.1 338.7L393.4 105.4C405.9 92.88 426.1 92.88 438.6 105.4H438.6z\"><\/path><\/svg><\/span><span class=\"uagb-icon-list__label\">Ingen delt hosting<\/span><\/div>\n\n\n\n<div class=\"wp-block-uagb-icon-list-child uagb-block-bdb3e1d7\"><span class=\"uagb-icon-list__source-wrap\"><svg xmlns=\"https:\/\/www.w3.org\/2000\/svg\" viewBox=\"0 0 448 512\"><path d=\"M438.6 105.4C451.1 117.9 451.1 138.1 438.6 150.6L182.6 406.6C170.1 419.1 149.9 419.1 137.4 406.6L9.372 278.6C-3.124 266.1-3.124 245.9 9.372 233.4C21.87 220.9 42.13 220.9 54.63 233.4L159.1 338.7L393.4 105.4C405.9 92.88 426.1 92.88 438.6 105.4H438.6z\"><\/path><\/svg><\/span><span class=\"uagb-icon-list__label\">Dedikeret webserver<\/span><\/div>\n\n\n\n<div class=\"wp-block-uagb-icon-list-child uagb-block-569d85bd\"><span class=\"uagb-icon-list__source-wrap\"><svg xmlns=\"https:\/\/www.w3.org\/2000\/svg\" viewBox=\"0 0 448 512\"><path d=\"M438.6 105.4C451.1 117.9 451.1 138.1 438.6 150.6L182.6 406.6C170.1 419.1 149.9 419.1 137.4 406.6L9.372 278.6C-3.124 266.1-3.124 245.9 9.372 233.4C21.87 220.9 42.13 220.9 54.63 233.4L159.1 338.7L393.4 105.4C405.9 92.88 426.1 92.88 438.6 105.4H438.6z\"><\/path><\/svg><\/span><span class=\"uagb-icon-list__label\">Globalt datacenter<\/span><\/div>\n\n\n\n<div class=\"wp-block-uagb-icon-list-child uagb-block-4e59311a\"><span class=\"uagb-icon-list__source-wrap\"><svg xmlns=\"https:\/\/www.w3.org\/2000\/svg\" viewBox=\"0 0 448 512\"><path d=\"M438.6 105.4C451.1 117.9 451.1 138.1 438.6 150.6L182.6 406.6C170.1 419.1 149.9 419.1 137.4 406.6L9.372 278.6C-3.124 266.1-3.124 245.9 9.372 233.4C21.87 220.9 42.13 220.9 54.63 233.4L159.1 338.7L393.4 105.4C405.9 92.88 426.1 92.88 438.6 105.4H438.6z\"><\/path><\/svg><\/span><span class=\"uagb-icon-list__label\">WordPress optimeret<\/span><\/div>\n\n\n\n<div class=\"wp-block-uagb-icon-list-child uagb-block-3ce13ca6\"><span class=\"uagb-icon-list__source-wrap\"><svg xmlns=\"https:\/\/www.w3.org\/2000\/svg\" viewBox=\"0 0 448 512\"><path d=\"M438.6 105.4C451.1 117.9 451.1 138.1 438.6 150.6L182.6 406.6C170.1 419.1 149.9 419.1 137.4 406.6L9.372 278.6C-3.124 266.1-3.124 245.9 9.372 233.4C21.87 220.9 42.13 220.9 54.63 233.4L159.1 338.7L393.4 105.4C405.9 92.88 426.1 92.88 438.6 105.4H438.6z\"><\/path><\/svg><\/span><span class=\"uagb-icon-list__label\">99,9 % oppetidsgaranti<\/span><\/div>\n\n\n\n<div class=\"wp-block-uagb-icon-list-child uagb-block-a4b3691f\"><span class=\"uagb-icon-list__source-wrap\"><svg xmlns=\"https:\/\/www.w3.org\/2000\/svg\" viewBox=\"0 0 448 512\"><path d=\"M438.6 105.4C451.1 117.9 451.1 138.1 438.6 150.6L182.6 406.6C170.1 419.1 149.9 419.1 137.4 406.6L9.372 278.6C-3.124 266.1-3.124 245.9 9.372 233.4C21.87 220.9 42.13 220.9 54.63 233.4L159.1 338.7L393.4 105.4C405.9 92.88 426.1 92.88 438.6 105.4H438.6z\"><\/path><\/svg><\/span><span class=\"uagb-icon-list__label\">Webapplikations firewall<\/span><\/div>\n\n\n\n<div class=\"wp-block-uagb-icon-list-child uagb-block-1b07c08c\"><span class=\"uagb-icon-list__source-wrap\"><svg xmlns=\"https:\/\/www.w3.org\/2000\/svg\" viewBox=\"0 0 448 512\"><path d=\"M438.6 105.4C451.1 117.9 451.1 138.1 438.6 150.6L182.6 406.6C170.1 419.1 149.9 419.1 137.4 406.6L9.372 278.6C-3.124 266.1-3.124 245.9 9.372 233.4C21.87 220.9 42.13 220.9 54.63 233.4L159.1 338.7L393.4 105.4C405.9 92.88 426.1 92.88 438.6 105.4H438.6z\"><\/path><\/svg><\/span><span class=\"uagb-icon-list__label\">Daglige backup &#8211; 30 dage<\/span><\/div>\n\n\n\n<div class=\"wp-block-uagb-icon-list-child uagb-block-476098c2\"><span class=\"uagb-icon-list__source-wrap\"><svg xmlns=\"https:\/\/www.w3.org\/2000\/svg\" viewBox=\"0 0 448 512\"><path d=\"M438.6 105.4C451.1 117.9 451.1 138.1 438.6 150.6L182.6 406.6C170.1 419.1 149.9 419.1 137.4 406.6L9.372 278.6C-3.124 266.1-3.124 245.9 9.372 233.4C21.87 220.9 42.13 220.9 54.63 233.4L159.1 338.7L393.4 105.4C405.9 92.88 426.1 92.88 438.6 105.4H438.6z\"><\/path><\/svg><\/span><span class=\"uagb-icon-list__label\">Et-klik Staging<\/span><\/div>\n\n\n\n<div class=\"wp-block-uagb-icon-list-child uagb-block-ba06f9f5\"><span class=\"uagb-icon-list__source-wrap\"><svg xmlns=\"https:\/\/www.w3.org\/2000\/svg\" viewBox=\"0 0 448 512\"><path d=\"M438.6 105.4C451.1 117.9 451.1 138.1 438.6 150.6L182.6 406.6C170.1 419.1 149.9 419.1 137.4 406.6L9.372 278.6C-3.124 266.1-3.124 245.9 9.372 233.4C21.87 220.9 42.13 220.9 54.63 233.4L159.1 338.7L393.4 105.4C405.9 92.88 426.1 92.88 438.6 105.4H438.6z\"><\/path><\/svg><\/span><span class=\"uagb-icon-list__label\">Ekspertsupport<\/span><\/div>\n<\/div><\/div>\n<\/div>\n<\/div>\n<\/div>\n<\/div>\n<\/div><\/div>\n\n\n\n<div class=\"wp-block-uagb-container uagb-block-a75a6c72 alignfull uagb-is-root-container\"><div class=\"uagb-container-inner-blocks-wrap\">\n<div class=\"wp-block-uagb-buttons uagb-buttons__outer-wrap uagb-btn__default-btn uagb-btn-tablet__default-btn uagb-btn-mobile__default-btn uagb-block-c67ea40b\"><div class=\"uagb-buttons__wrap uagb-buttons-layout-wrap \">\n<div class=\"wp-block-uagb-buttons-child uagb-buttons__outer-wrap uagb-block-dfbab6b2 wp-block-button\"><div class=\"uagb-button__wrapper\"><a class=\"uagb-buttons-repeater wp-block-button__link\" aria-label=\"\" href=\"\/da\/webhotel\/\" rel=\"follow noopener\" target=\"_self\" role=\"button\"><div class=\"uagb-button__link\">Se vores andre webhotel l\u00f8sninger<\/div><\/a><\/div><\/div>\n<\/div><\/div>\n<\/div><\/div>\n","protected":false},"excerpt":{"rendered":"<p>Your Attractive Heading Bronze Webhotel 01 Product Bronze Webhotel Introduktion til vores bronze webhotel Perfekt til sm\u00e5 websteder og personlige blogs I det enorme landskab af den digitale verden, hvor enhver online satsning har sine unikke krav, fremst\u00e5r vores Bronze Hosting Plan som den ideelle l\u00f8sning for dem, der starter i det sm\u00e5, men dr\u00f8mmer [&hellip;]<\/p>\n","protected":false},"author":2,"featured_media":0,"parent":0,"menu_order":0,"comment_status":"closed","ping_status":"closed","template":"","meta":{"_uag_custom_page_level_css":"","site-sidebar-layout":"default","site-content-layout":"","ast-site-content-layout":"default","site-content-style":"default","site-sidebar-style":"default","ast-global-header-display":"","ast-banner-title-visibility":"","ast-main-header-display":"","ast-hfb-above-header-display":"","ast-hfb-below-header-display":"","ast-hfb-mobile-header-display":"","site-post-title":"","ast-breadcrumbs-content":"","ast-featured-img":"","footer-sml-layout":"","ast-disable-related-posts":"","theme-transparent-header-meta":"","adv-header-id-meta":"","stick-header-meta":"","header-above-stick-meta":"","header-main-stick-meta":"","header-below-stick-meta":"","astra-migrate-meta-layouts":"set","ast-page-background-enabled":"default","ast-page-background-meta":{"desktop":{"background-color":"var(--ast-global-color-4)","background-image":"","background-repeat":"repeat","background-position":"center center","background-size":"auto","background-attachment":"scroll","background-type":"","background-media":"","overlay-type":"","overlay-color":"","overlay-opacity":"","overlay-gradient":""},"tablet":{"background-color":"","background-image":"","background-repeat":"repeat","background-position":"center center","background-size":"auto","background-attachment":"scroll","background-type":"","background-media":"","overlay-type":"","overlay-color":"","overlay-opacity":"","overlay-gradient":""},"mobile":{"background-color":"","background-image":"","background-repeat":"repeat","background-position":"center center","background-size":"auto","background-attachment":"scroll","background-type":"","background-media":"","overlay-type":"","overlay-color":"","overlay-opacity":"","overlay-gradient":""}},"ast-content-background-meta":{"desktop":{"background-color":"var(--ast-global-color-5)","background-image":"","background-repeat":"repeat","background-position":"center center","background-size":"auto","background-attachment":"scroll","background-type":"","background-media":"","overlay-type":"","overlay-color":"","overlay-opacity":"","overlay-gradient":""},"tablet":{"background-color":"var(--ast-global-color-5)","background-image":"","background-repeat":"repeat","background-position":"center center","background-size":"auto","background-attachment":"scroll","background-type":"","background-media":"","overlay-type":"","overlay-color":"","overlay-opacity":"","overlay-gradient":""},"mobile":{"background-color":"var(--ast-global-color-5)","background-image":"","background-repeat":"repeat","background-position":"center center","background-size":"auto","background-attachment":"scroll","background-type":"","background-media":"","overlay-type":"","overlay-color":"","overlay-opacity":"","overlay-gradient":""}},"footnotes":""},"class_list":["post-5290","page","type-page","status-publish","hentry"],"yoast_head":"<!-- This site is optimized with the Yoast SEO plugin v27.4 - https:\/\/yoast.com\/product\/yoast-seo-wordpress\/ -->\n<title>Bronze webhotel - WPWerk<\/title>\n<meta name=\"robots\" content=\"index, follow, max-snippet:-1, max-image-preview:large, max-video-preview:-1\" \/>\n<link rel=\"canonical\" href=\"https:\/\/wpwerk.com\/da\/bronze-webhotel\/\" \/>\n<meta property=\"og:locale\" content=\"da_DK\" \/>\n<meta property=\"og:type\" content=\"article\" \/>\n<meta property=\"og:title\" content=\"Bronze webhotel - WPWerk\" \/>\n<meta property=\"og:description\" content=\"Your Attractive Heading Bronze Webhotel 01 Product Bronze Webhotel Introduktion til vores bronze webhotel Perfekt til sm\u00e5 websteder og personlige blogs I det enorme landskab af den digitale verden, hvor enhver online satsning har sine unikke krav, fremst\u00e5r vores Bronze Hosting Plan som den ideelle l\u00f8sning for dem, der starter i det sm\u00e5, men dr\u00f8mmer [&hellip;]\" \/>\n<meta property=\"og:url\" content=\"https:\/\/wpwerk.com\/da\/bronze-webhotel\/\" \/>\n<meta property=\"og:site_name\" content=\"WPWerk\" \/>\n<meta property=\"article:publisher\" content=\"https:\/\/www.facebook.com\/wpwerk\/\" \/>\n<meta property=\"article:modified_time\" content=\"2024-05-09T12:05:57+00:00\" \/>\n<meta name=\"twitter:card\" content=\"summary_large_image\" \/>\n<meta name=\"twitter:label1\" content=\"Estimeret l\u00e6setid\" \/>\n\t<meta name=\"twitter:data1\" content=\"2 minutter\" \/>\n<script type=\"application\/ld+json\" class=\"yoast-schema-graph\">{\"@context\":\"https:\\\/\\\/schema.org\",\"@graph\":[{\"@type\":\"WebPage\",\"@id\":\"https:\\\/\\\/wpwerk.com\\\/da\\\/bronze-webhotel\\\/\",\"url\":\"https:\\\/\\\/wpwerk.com\\\/da\\\/bronze-webhotel\\\/\",\"name\":\"Bronze webhotel - WPWerk\",\"isPartOf\":{\"@id\":\"https:\\\/\\\/wpwerk.com\\\/da\\\/#website\"},\"datePublished\":\"2023-10-08T10:43:22+00:00\",\"dateModified\":\"2024-05-09T12:05:57+00:00\",\"breadcrumb\":{\"@id\":\"https:\\\/\\\/wpwerk.com\\\/da\\\/bronze-webhotel\\\/#breadcrumb\"},\"inLanguage\":\"da-DK\",\"potentialAction\":[{\"@type\":\"ReadAction\",\"target\":[\"https:\\\/\\\/wpwerk.com\\\/da\\\/bronze-webhotel\\\/\"]}]},{\"@type\":\"BreadcrumbList\",\"@id\":\"https:\\\/\\\/wpwerk.com\\\/da\\\/bronze-webhotel\\\/#breadcrumb\",\"itemListElement\":[{\"@type\":\"ListItem\",\"position\":1,\"name\":\"Home\",\"item\":\"https:\\\/\\\/wpwerk.com\\\/da\\\/\"},{\"@type\":\"ListItem\",\"position\":2,\"name\":\"Bronze webhotel\"}]},{\"@type\":\"WebSite\",\"@id\":\"https:\\\/\\\/wpwerk.com\\\/da\\\/#website\",\"url\":\"https:\\\/\\\/wpwerk.com\\\/da\\\/\",\"name\":\"WPWerk\",\"description\":\"WordPress hosting\",\"publisher\":{\"@id\":\"https:\\\/\\\/wpwerk.com\\\/da\\\/#organization\"},\"potentialAction\":[{\"@type\":\"SearchAction\",\"target\":{\"@type\":\"EntryPoint\",\"urlTemplate\":\"https:\\\/\\\/wpwerk.com\\\/da\\\/?s={search_term_string}\"},\"query-input\":{\"@type\":\"PropertyValueSpecification\",\"valueRequired\":true,\"valueName\":\"search_term_string\"}}],\"inLanguage\":\"da-DK\"},{\"@type\":\"Organization\",\"@id\":\"https:\\\/\\\/wpwerk.com\\\/da\\\/#organization\",\"name\":\"WPWerk Hosting\",\"url\":\"https:\\\/\\\/wpwerk.com\\\/da\\\/\",\"logo\":{\"@type\":\"ImageObject\",\"inLanguage\":\"da-DK\",\"@id\":\"https:\\\/\\\/wpwerk.com\\\/da\\\/#\\\/schema\\\/logo\\\/image\\\/\",\"url\":\"https:\\\/\\\/wpwerk.com\\\/wp-content\\\/uploads\\\/2023\\\/10\\\/wpwerk-black-logo.png\",\"contentUrl\":\"https:\\\/\\\/wpwerk.com\\\/wp-content\\\/uploads\\\/2023\\\/10\\\/wpwerk-black-logo.png\",\"width\":1473,\"height\":1000,\"caption\":\"WPWerk Hosting\"},\"image\":{\"@id\":\"https:\\\/\\\/wpwerk.com\\\/da\\\/#\\\/schema\\\/logo\\\/image\\\/\"},\"sameAs\":[\"https:\\\/\\\/www.facebook.com\\\/wpwerk\\\/\",\"https:\\\/\\\/www.linkedin.com\\\/company\\\/wpwerk-hosting\\\/\",\"https:\\\/\\\/www.instagram.com\\\/wpwerk\\\/\"]}]}<\/script>\n<!-- \/ Yoast SEO plugin. -->","yoast_head_json":{"title":"Bronze webhotel - WPWerk","robots":{"index":"index","follow":"follow","max-snippet":"max-snippet:-1","max-image-preview":"max-image-preview:large","max-video-preview":"max-video-preview:-1"},"canonical":"https:\/\/wpwerk.com\/da\/bronze-webhotel\/","og_locale":"da_DK","og_type":"article","og_title":"Bronze webhotel - WPWerk","og_description":"Your Attractive Heading Bronze Webhotel 01 Product Bronze Webhotel Introduktion til vores bronze webhotel Perfekt til sm\u00e5 websteder og personlige blogs I det enorme landskab af den digitale verden, hvor enhver online satsning har sine unikke krav, fremst\u00e5r vores Bronze Hosting Plan som den ideelle l\u00f8sning for dem, der starter i det sm\u00e5, men dr\u00f8mmer [&hellip;]","og_url":"https:\/\/wpwerk.com\/da\/bronze-webhotel\/","og_site_name":"WPWerk","article_publisher":"https:\/\/www.facebook.com\/wpwerk\/","article_modified_time":"2024-05-09T12:05:57+00:00","twitter_card":"summary_large_image","twitter_misc":{"Estimeret l\u00e6setid":"2 minutter"},"schema":{"@context":"https:\/\/schema.org","@graph":[{"@type":"WebPage","@id":"https:\/\/wpwerk.com\/da\/bronze-webhotel\/","url":"https:\/\/wpwerk.com\/da\/bronze-webhotel\/","name":"Bronze webhotel - WPWerk","isPartOf":{"@id":"https:\/\/wpwerk.com\/da\/#website"},"datePublished":"2023-10-08T10:43:22+00:00","dateModified":"2024-05-09T12:05:57+00:00","breadcrumb":{"@id":"https:\/\/wpwerk.com\/da\/bronze-webhotel\/#breadcrumb"},"inLanguage":"da-DK","potentialAction":[{"@type":"ReadAction","target":["https:\/\/wpwerk.com\/da\/bronze-webhotel\/"]}]},{"@type":"BreadcrumbList","@id":"https:\/\/wpwerk.com\/da\/bronze-webhotel\/#breadcrumb","itemListElement":[{"@type":"ListItem","position":1,"name":"Home","item":"https:\/\/wpwerk.com\/da\/"},{"@type":"ListItem","position":2,"name":"Bronze webhotel"}]},{"@type":"WebSite","@id":"https:\/\/wpwerk.com\/da\/#website","url":"https:\/\/wpwerk.com\/da\/","name":"WPWerk","description":"WordPress hosting","publisher":{"@id":"https:\/\/wpwerk.com\/da\/#organization"},"potentialAction":[{"@type":"SearchAction","target":{"@type":"EntryPoint","urlTemplate":"https:\/\/wpwerk.com\/da\/?s={search_term_string}"},"query-input":{"@type":"PropertyValueSpecification","valueRequired":true,"valueName":"search_term_string"}}],"inLanguage":"da-DK"},{"@type":"Organization","@id":"https:\/\/wpwerk.com\/da\/#organization","name":"WPWerk Hosting","url":"https:\/\/wpwerk.com\/da\/","logo":{"@type":"ImageObject","inLanguage":"da-DK","@id":"https:\/\/wpwerk.com\/da\/#\/schema\/logo\/image\/","url":"https:\/\/wpwerk.com\/wp-content\/uploads\/2023\/10\/wpwerk-black-logo.png","contentUrl":"https:\/\/wpwerk.com\/wp-content\/uploads\/2023\/10\/wpwerk-black-logo.png","width":1473,"height":1000,"caption":"WPWerk Hosting"},"image":{"@id":"https:\/\/wpwerk.com\/da\/#\/schema\/logo\/image\/"},"sameAs":["https:\/\/www.facebook.com\/wpwerk\/","https:\/\/www.linkedin.com\/company\/wpwerk-hosting\/","https:\/\/www.instagram.com\/wpwerk\/"]}]}},"uagb_featured_image_src":{"full":false,"thumbnail":false,"medium":false,"medium_large":false,"large":false,"1536x1536":false,"2048x2048":false,"woocommerce_thumbnail":false,"woocommerce_single":false,"woocommerce_gallery_thumbnail":false,"eh_logo_image_size":false,"eh_header_image_size":false},"uagb_author_info":{"display_name":"wpwerkadmin","author_link":"https:\/\/wpwerk.com\/da\/author\/wpwerkadmin\/"},"uagb_comment_info":0,"uagb_excerpt":"Your Attractive Heading Bronze Webhotel 01 Product Bronze Webhotel Introduktion til vores bronze webhotel Perfekt til sm\u00e5 websteder og personlige blogs I det enorme landskab af den digitale verden, hvor enhver online satsning har sine unikke krav, fremst\u00e5r vores Bronze Hosting Plan som den ideelle l\u00f8sning for dem, der starter i det sm\u00e5, men dr\u00f8mmer&hellip;","_links":{"self":[{"href":"https:\/\/wpwerk.com\/da\/wp-json\/wp\/v2\/pages\/5290","targetHints":{"allow":["GET"]}}],"collection":[{"href":"https:\/\/wpwerk.com\/da\/wp-json\/wp\/v2\/pages"}],"about":[{"href":"https:\/\/wpwerk.com\/da\/wp-json\/wp\/v2\/types\/page"}],"author":[{"embeddable":true,"href":"https:\/\/wpwerk.com\/da\/wp-json\/wp\/v2\/users\/2"}],"replies":[{"embeddable":true,"href":"https:\/\/wpwerk.com\/da\/wp-json\/wp\/v2\/comments?post=5290"}],"version-history":[{"count":0,"href":"https:\/\/wpwerk.com\/da\/wp-json\/wp\/v2\/pages\/5290\/revisions"}],"wp:attachment":[{"href":"https:\/\/wpwerk.com\/da\/wp-json\/wp\/v2\/media?parent=5290"}],"curies":[{"name":"wp","href":"https:\/\/api.w.org\/{rel}","templated":true}]}}