{"id":5277,"date":"2022-12-18T23:16:42","date_gmt":"2022-12-18T21:16:42","guid":{"rendered":"https:\/\/wpwerk.com\/about-us\/"},"modified":"2024-05-10T07:43:17","modified_gmt":"2024-05-10T05:43:17","slug":"om-os","status":"publish","type":"page","link":"https:\/\/wpwerk.com\/da\/om-os\/","title":{"rendered":"Om Os"},"content":{"rendered":"\n<div class=\"wp-block-uagb-container uagb-block-f5a18465 alignfull uagb-is-root-container\"><div class=\"uagb-container-inner-blocks-wrap\">\n<div class=\"wp-block-uagb-container uagb-block-e209f16e\">\n<div class=\"wp-block-uagb-advanced-heading uagb-block-637caee3\"><div class=\"uagb-separator\"><\/div><h6 class=\"uagb-heading-text\">Your Attractive Heading<\/h6><\/div>\n<\/div>\n\n\n\n<div class=\"wp-block-uagb-container uagb-block-76fb3ccb\">\n<div class=\"wp-block-uagb-advanced-heading uagb-block-873ca15a\"><h1 class=\"uagb-heading-text\">Om Os<\/h1><\/div>\n<\/div>\n<\/div><\/div>\n\n\n\n<div class=\"wp-block-uagb-container uagb-block-4c701ec1 alignfull uagb-is-root-container\"><div class=\"uagb-container-inner-blocks-wrap\">\n<div class=\"wp-block-uagb-container uagb-block-02709f65\">\n<div class=\"wp-block-uagb-advanced-heading uagb-block-407421e5\"><h6 class=\"uagb-heading-text\">01<\/h6><\/div>\n\n\n\n<div class=\"wp-block-uagb-advanced-heading uagb-block-8588c656\"><h5 class=\"uagb-heading-text\">Vision<\/h5><\/div>\n<\/div>\n\n\n\n<div class=\"wp-block-uagb-container uagb-block-00b898d5\">\n<div class=\"wp-block-uagb-advanced-heading uagb-block-fcc87e29\"><h2 class=\"uagb-heading-text\">Hvem er vi<\/h2><\/div>\n<\/div>\n<\/div><\/div>\n\n\n\n<div class=\"wp-block-uagb-container uagb-block-50c8842e alignfull uagb-is-root-container\"><div class=\"uagb-container-inner-blocks-wrap\">\n<div class=\"wp-block-uagb-container uagb-block-af5d1fa2\">\n<div class=\"wp-block-uagb-advanced-heading uagb-block-044e83b4\"><h3 class=\"uagb-heading-text\">Styrkelse af din WordPress-rejse<\/h3><\/div>\n\n\n\n<div class=\"wp-block-uagb-container uagb-block-98b9be6a\">\n<div class=\"wp-block-uagb-container uagb-block-7453381b\">\n<div class=\"wp-block-uagb-advanced-heading uagb-block-88fa44c8\"><h3 class=\"uagb-heading-text\">Speciel udviklet hosting, skr\u00e6ddersyet ekspertise<\/h3><\/div>\n<\/div>\n\n\n\n<div class=\"wp-block-uagb-container uagb-block-0f9ae0c2\">\n<p>Velkommen til WPWerk, din dedikerede partner i WordPress-hosting excellence. Grundlagt af en passioneret hjemmesideudvikler med omfattende ekspertise inden for WordPress-udvikling og hosting, er vores rejse rodf\u00e6stet i en dyb forst\u00e5else af det digitale landskab. Med et skarpt \u00f8je for de indviklede detaljer i hjemmesideudvikling, bringer vores erfaring et v\u00e6ld af viden med vores tjenester.<\/p>\n\n\n\n<p>Hos WPWerk bygger vi bro mellem innovation og p\u00e5lidelighed og leverer skr\u00e6ddersyede WordPress udvikling, hosting og service l\u00f8sninger, der styrker b\u00e5de virksomheder og enkeltpersoner. Vores engagement stammer fra en \u00e6gte k\u00e6rlighed til WordPress-\u00f8kosystemet, og vores tilgang til WordPress sikrer, at vores tjenester ikke kun hostes; de er kurateret med pr\u00e6cision, omhu og en dyb forst\u00e5else af de unikke krav til WordPress-hjemmesider.<\/p>\n\n\n\n<p>Med et fundament bygget p\u00e5 mange \u00e5rs praktisk erfaring inden for b\u00e5de udvikling og hosting, str\u00e6ber vi efter at l\u00f8fte din online tilstedev\u00e6relse til nye h\u00f8jder. Stol p\u00e5 os som din hostingpartner, og lad os begive os ud p\u00e5 en rejse, hvor din WordPress hjemmeside ikke kun er hostet; den er plejet, optimeret og klar til succes. Oplev WPWerk-forskellen \u2013 hvor h\u00e5ndv\u00e6rk m\u00f8der hosting, udvikling og services ekspertise.&#8221;<\/p>\n<\/div>\n<\/div>\n<\/div>\n<\/div><\/div>\n\n\n\n<div class=\"wp-block-uagb-container uagb-block-5afdca45 alignfull uagb-is-root-container\"><div class=\"uagb-container-inner-blocks-wrap\">\n<div class=\"wp-block-uagb-container uagb-block-4da5b8b8\">\n<div class=\"wp-block-uagb-advanced-heading uagb-block-944b5d8b\"><h6 class=\"uagb-heading-text\">02<\/h6><\/div>\n\n\n\n<div class=\"wp-block-uagb-advanced-heading uagb-block-d205016a\"><h5 class=\"uagb-heading-text\">Mennesker<\/h5><\/div>\n<\/div>\n\n\n\n<div class=\"wp-block-uagb-container uagb-block-03aac308\">\n<div class=\"wp-block-uagb-advanced-heading uagb-block-fccb0ab9\"><h2 class=\"uagb-heading-text\">Holdet<\/h2><\/div>\n<\/div>\n<\/div><\/div>\n\n\n\n<div class=\"wp-block-uagb-container uagb-block-e5a4c336 alignfull uagb-is-root-container\"><div class=\"uagb-container-inner-blocks-wrap\">\n<div class=\"wp-block-uagb-container uagb-block-cf9b5fcf\">\n<div class=\"wp-block-uagb-image uagb-block-686330e5 wp-block-uagb-image--layout-default wp-block-uagb-image--effect-static wp-block-uagb-image--align-none\"><figure class=\"wp-block-uagb-image__figure\"><img decoding=\"async\" data-srcset=\"https:\/\/wpwerk.com\/wp-content\/uploads\/2023\/10\/jes-madsen.jpg ,https:\/\/wpwerk.com\/wp-content\/uploads\/2023\/10\/jes-madsen.jpg 780w, https:\/\/wpwerk.com\/wp-content\/uploads\/2023\/10\/jes-madsen.jpg 360w\" data-sizes=\"auto, (max-width: 480px) 150px\" data-src=\"https:\/\/wpwerk.com\/wp-content\/uploads\/2023\/10\/jes-madsen.jpg\" alt=\"\" class=\"uag-image-1284 lazyload\" width=\"318\" height=\"247\" title=\"\" role=\"img\" src=\"data:image\/svg+xml;base64,PHN2ZyB3aWR0aD0iMSIgaGVpZ2h0PSIxIiB4bWxucz0iaHR0cDovL3d3dy53My5vcmcvMjAwMC9zdmciPjwvc3ZnPg==\" style=\"--smush-placeholder-width: 318px; --smush-placeholder-aspect-ratio: 318\/247;\" \/><\/figure><\/div>\n\n\n\n<div class=\"wp-block-uagb-advanced-heading uagb-block-8d4a1149\"><h4 class=\"uagb-heading-text\">Jes Madsen<\/h4><\/div>\n\n\n\n<div class=\"wp-block-uagb-advanced-heading uagb-block-5dde7029\"><h6 class=\"uagb-heading-text\">CEO<\/h6><\/div>\n\n\n\n<div style=\"height:10px\" aria-hidden=\"true\" class=\"wp-block-spacer\"><\/div>\n\n\n\n<p>Som hjemmeside udvikler siden 1993, og med stor erfaring som WordPress udvikling og med WordPress hosting, er jeg stolt af at kunne give v\u00e6rdi til min kunder med denne komplette og skr\u00e6ddersyet service.<\/p>\n<\/div>\n\n\n\n<div class=\"wp-block-uagb-container uagb-block-240eda68\"><\/div>\n\n\n\n<div class=\"wp-block-uagb-container uagb-block-efa5d0a8\"><\/div>\n<\/div><\/div>\n\n\n\n<div class=\"wp-block-uagb-container uagb-block-c1bb4c1b alignfull uagb-is-root-container\"><div class=\"uagb-container-inner-blocks-wrap\">\n<div class=\"wp-block-uagb-container uagb-block-ddf2e4c3\">\n<div class=\"wp-block-uagb-advanced-heading uagb-block-88eb392a\"><h6 class=\"uagb-heading-text\">03<\/h6><\/div>\n\n\n\n<div class=\"wp-block-uagb-advanced-heading uagb-block-ef4cf9aa\"><h5 class=\"uagb-heading-text\">Kunder<\/h5><\/div>\n<\/div>\n\n\n\n<div class=\"wp-block-uagb-container uagb-block-dd96b9a3\">\n<div class=\"wp-block-uagb-advanced-heading uagb-block-2595ff39\"><h2 class=\"uagb-heading-text\">Kunder<\/h2><\/div>\n<\/div>\n\n\n\n<div class=\"wp-block-uagb-container uagb-block-45d56e7b\"><\/div>\n<\/div><\/div>\n\n\n\n<div class=\"wp-block-uagb-container uagb-block-e5a99aa7 alignfull uagb-is-root-container\"><div class=\"uagb-container-inner-blocks-wrap\">\n<div class=\"wp-block-uagb-container uagb-block-20a8b8c3\">\n<div class=\"wp-block-uagb-image aligncenter uagb-block-801dfa0f wp-block-uagb-image--layout-default wp-block-uagb-image--effect-static wp-block-uagb-image--align-center\"><figure class=\"wp-block-uagb-image__figure\"><img decoding=\"async\" data-srcset=\"https:\/\/wpwerk.com\/wp-content\/uploads\/2023\/10\/logo_uk_horisontalt_rgb.jpg ,https:\/\/wpwerk.com\/wp-content\/uploads\/2023\/10\/logo_uk_horisontalt_rgb.jpg 780w, https:\/\/wpwerk.com\/wp-content\/uploads\/2023\/10\/logo_uk_horisontalt_rgb.jpg 360w\" data-sizes=\"auto, (max-width: 480px) 150px\" data-src=\"https:\/\/wpwerk.com\/wp-content\/uploads\/2023\/10\/logo_uk_horisontalt_rgb.jpg\" alt=\"\" class=\"uag-image-1499 lazyload\" width=\"300\" height=\"300\" title=\"\" src=\"data:image\/svg+xml;base64,PHN2ZyB3aWR0aD0iMSIgaGVpZ2h0PSIxIiB4bWxucz0iaHR0cDovL3d3dy53My5vcmcvMjAwMC9zdmciPjwvc3ZnPg==\" style=\"--smush-placeholder-width: 300px; --smush-placeholder-aspect-ratio: 300\/300;\" \/><\/figure><\/div>\n<\/div>\n\n\n\n<div class=\"wp-block-uagb-container uagb-block-a98afc58\">\n<figure class=\"wp-block-image size-full\"><img decoding=\"async\" data-src=\"https:\/\/wpwerk.com\/wp-content\/uploads\/2023\/10\/HBN-Logo_hvid.svg\" alt=\"\" class=\"wp-image-1494 lazyload\" src=\"data:image\/svg+xml;base64,PHN2ZyB3aWR0aD0iMSIgaGVpZ2h0PSIxIiB4bWxucz0iaHR0cDovL3d3dy53My5vcmcvMjAwMC9zdmciPjwvc3ZnPg==\" \/><\/figure>\n<\/div>\n\n\n\n<div class=\"wp-block-uagb-container uagb-block-4c1e9cb2\">\n<div class=\"wp-block-uagb-image uagb-block-babc5880 wp-block-uagb-image--layout-default wp-block-uagb-image--effect-static wp-block-uagb-image--align-none\"><figure class=\"wp-block-uagb-image__figure\"><img decoding=\"async\" data-srcset=\"https:\/\/wpwerk.com\/wp-content\/uploads\/2023\/10\/SpeakDanish-logo-footer.webp ,https:\/\/wpwerk.com\/wp-content\/uploads\/2023\/10\/SpeakDanish-logo-footer.webp 780w, https:\/\/wpwerk.com\/wp-content\/uploads\/2023\/10\/SpeakDanish-logo-footer.webp 360w\" data-sizes=\"auto, (max-width: 480px) 150px\" data-src=\"https:\/\/wpwerk.com\/wp-content\/uploads\/2023\/10\/SpeakDanish-logo-footer.webp\" alt=\"\" class=\"uag-image-1492 lazyload\" width=\"670\" height=\"176\" title=\"\" src=\"data:image\/svg+xml;base64,PHN2ZyB3aWR0aD0iMSIgaGVpZ2h0PSIxIiB4bWxucz0iaHR0cDovL3d3dy53My5vcmcvMjAwMC9zdmciPjwvc3ZnPg==\" style=\"--smush-placeholder-width: 670px; --smush-placeholder-aspect-ratio: 670\/176;\" \/><\/figure><\/div>\n<\/div>\n<\/div><\/div>\n","protected":false},"excerpt":{"rendered":"<p>Your Attractive Heading Om Os 01 Vision Hvem er vi Styrkelse af din WordPress-rejse Speciel udviklet hosting, skr\u00e6ddersyet ekspertise Velkommen til WPWerk, din dedikerede partner i WordPress-hosting excellence. Grundlagt af en passioneret hjemmesideudvikler med omfattende ekspertise inden for WordPress-udvikling og hosting, er vores rejse rodf\u00e6stet i en dyb forst\u00e5else af det digitale landskab. Med et [&hellip;]<\/p>\n","protected":false},"author":1,"featured_media":0,"parent":0,"menu_order":0,"comment_status":"closed","ping_status":"closed","template":"","meta":{"_uag_custom_page_level_css":"","site-sidebar-layout":"default","site-content-layout":"","ast-site-content-layout":"default","site-content-style":"default","site-sidebar-style":"default","ast-global-header-display":"","ast-banner-title-visibility":"","ast-main-header-display":"","ast-hfb-above-header-display":"","ast-hfb-below-header-display":"","ast-hfb-mobile-header-display":"","site-post-title":"disabled","ast-breadcrumbs-content":"","ast-featured-img":"","footer-sml-layout":"","ast-disable-related-posts":"","theme-transparent-header-meta":"enabled","adv-header-id-meta":"","stick-header-meta":"","header-above-stick-meta":"","header-main-stick-meta":"","header-below-stick-meta":"","astra-migrate-meta-layouts":"set","ast-page-background-enabled":"default","ast-page-background-meta":{"desktop":{"background-color":"var(--ast-global-color-4)","background-image":"","background-repeat":"repeat","background-position":"center center","background-size":"auto","background-attachment":"scroll","background-type":"","background-media":"","overlay-type":"","overlay-color":"","overlay-opacity":"","overlay-gradient":""},"tablet":{"background-color":"","background-image":"","background-repeat":"repeat","background-position":"center center","background-size":"auto","background-attachment":"scroll","background-type":"","background-media":"","overlay-type":"","overlay-color":"","overlay-opacity":"","overlay-gradient":""},"mobile":{"background-color":"","background-image":"","background-repeat":"repeat","background-position":"center center","background-size":"auto","background-attachment":"scroll","background-type":"","background-media":"","overlay-type":"","overlay-color":"","overlay-opacity":"","overlay-gradient":""}},"ast-content-background-meta":{"desktop":{"background-color":"var(--ast-global-color-5)","background-image":"","background-repeat":"repeat","background-position":"center center","background-size":"auto","background-attachment":"scroll","background-type":"","background-media":"","overlay-type":"","overlay-color":"","overlay-opacity":"","overlay-gradient":""},"tablet":{"background-color":"var(--ast-global-color-5)","background-image":"","background-repeat":"repeat","background-position":"center center","background-size":"auto","background-attachment":"scroll","background-type":"","background-media":"","overlay-type":"","overlay-color":"","overlay-opacity":"","overlay-gradient":""},"mobile":{"background-color":"var(--ast-global-color-5)","background-image":"","background-repeat":"repeat","background-position":"center center","background-size":"auto","background-attachment":"scroll","background-type":"","background-media":"","overlay-type":"","overlay-color":"","overlay-opacity":"","overlay-gradient":""}},"footnotes":""},"class_list":["post-5277","page","type-page","status-publish","hentry"],"yoast_head":"<!-- This site is optimized with the Yoast SEO plugin v27.4 - https:\/\/yoast.com\/product\/yoast-seo-wordpress\/ -->\n<title>Om Os - WPWerk<\/title>\n<meta name=\"robots\" content=\"index, follow, max-snippet:-1, max-image-preview:large, max-video-preview:-1\" \/>\n<link rel=\"canonical\" href=\"https:\/\/wpwerk.com\/da\/om-os\/\" \/>\n<meta property=\"og:locale\" content=\"da_DK\" \/>\n<meta property=\"og:type\" content=\"article\" \/>\n<meta property=\"og:title\" content=\"Om Os - WPWerk\" \/>\n<meta property=\"og:description\" content=\"Your Attractive Heading Om Os 01 Vision Hvem er vi Styrkelse af din WordPress-rejse Speciel udviklet hosting, skr\u00e6ddersyet ekspertise Velkommen til WPWerk, din dedikerede partner i WordPress-hosting excellence. Grundlagt af en passioneret hjemmesideudvikler med omfattende ekspertise inden for WordPress-udvikling og hosting, er vores rejse rodf\u00e6stet i en dyb forst\u00e5else af det digitale landskab. Med et [&hellip;]\" \/>\n<meta property=\"og:url\" content=\"https:\/\/wpwerk.com\/da\/om-os\/\" \/>\n<meta property=\"og:site_name\" content=\"WPWerk\" \/>\n<meta property=\"article:publisher\" content=\"https:\/\/www.facebook.com\/wpwerk\/\" \/>\n<meta property=\"article:modified_time\" content=\"2024-05-10T05:43:17+00:00\" \/>\n<meta property=\"og:image\" content=\"https:\/\/wpwerk.com\/wp-content\/uploads\/2023\/10\/jes-madsen.jpg\" \/>\n<meta name=\"twitter:card\" content=\"summary_large_image\" \/>\n<meta name=\"twitter:label1\" content=\"Estimeret l\u00e6setid\" \/>\n\t<meta name=\"twitter:data1\" content=\"2 minutter\" \/>\n<script type=\"application\/ld+json\" class=\"yoast-schema-graph\">{\"@context\":\"https:\\\/\\\/schema.org\",\"@graph\":[{\"@type\":\"WebPage\",\"@id\":\"https:\\\/\\\/wpwerk.com\\\/da\\\/om-os\\\/\",\"url\":\"https:\\\/\\\/wpwerk.com\\\/da\\\/om-os\\\/\",\"name\":\"Om Os - WPWerk\",\"isPartOf\":{\"@id\":\"https:\\\/\\\/wpwerk.com\\\/da\\\/#website\"},\"primaryImageOfPage\":{\"@id\":\"https:\\\/\\\/wpwerk.com\\\/da\\\/om-os\\\/#primaryimage\"},\"image\":{\"@id\":\"https:\\\/\\\/wpwerk.com\\\/da\\\/om-os\\\/#primaryimage\"},\"thumbnailUrl\":\"https:\\\/\\\/wpwerk.com\\\/wp-content\\\/uploads\\\/2023\\\/10\\\/jes-madsen.jpg\",\"datePublished\":\"2022-12-18T21:16:42+00:00\",\"dateModified\":\"2024-05-10T05:43:17+00:00\",\"breadcrumb\":{\"@id\":\"https:\\\/\\\/wpwerk.com\\\/da\\\/om-os\\\/#breadcrumb\"},\"inLanguage\":\"da-DK\",\"potentialAction\":[{\"@type\":\"ReadAction\",\"target\":[\"https:\\\/\\\/wpwerk.com\\\/da\\\/om-os\\\/\"]}]},{\"@type\":\"ImageObject\",\"inLanguage\":\"da-DK\",\"@id\":\"https:\\\/\\\/wpwerk.com\\\/da\\\/om-os\\\/#primaryimage\",\"url\":\"https:\\\/\\\/wpwerk.com\\\/wp-content\\\/uploads\\\/2023\\\/10\\\/jes-madsen.jpg\",\"contentUrl\":\"https:\\\/\\\/wpwerk.com\\\/wp-content\\\/uploads\\\/2023\\\/10\\\/jes-madsen.jpg\"},{\"@type\":\"BreadcrumbList\",\"@id\":\"https:\\\/\\\/wpwerk.com\\\/da\\\/om-os\\\/#breadcrumb\",\"itemListElement\":[{\"@type\":\"ListItem\",\"position\":1,\"name\":\"Home\",\"item\":\"https:\\\/\\\/wpwerk.com\\\/da\\\/\"},{\"@type\":\"ListItem\",\"position\":2,\"name\":\"Om Os\"}]},{\"@type\":\"WebSite\",\"@id\":\"https:\\\/\\\/wpwerk.com\\\/da\\\/#website\",\"url\":\"https:\\\/\\\/wpwerk.com\\\/da\\\/\",\"name\":\"WPWerk\",\"description\":\"WordPress hosting\",\"publisher\":{\"@id\":\"https:\\\/\\\/wpwerk.com\\\/da\\\/#organization\"},\"potentialAction\":[{\"@type\":\"SearchAction\",\"target\":{\"@type\":\"EntryPoint\",\"urlTemplate\":\"https:\\\/\\\/wpwerk.com\\\/da\\\/?s={search_term_string}\"},\"query-input\":{\"@type\":\"PropertyValueSpecification\",\"valueRequired\":true,\"valueName\":\"search_term_string\"}}],\"inLanguage\":\"da-DK\"},{\"@type\":\"Organization\",\"@id\":\"https:\\\/\\\/wpwerk.com\\\/da\\\/#organization\",\"name\":\"WPWerk Hosting\",\"url\":\"https:\\\/\\\/wpwerk.com\\\/da\\\/\",\"logo\":{\"@type\":\"ImageObject\",\"inLanguage\":\"da-DK\",\"@id\":\"https:\\\/\\\/wpwerk.com\\\/da\\\/#\\\/schema\\\/logo\\\/image\\\/\",\"url\":\"https:\\\/\\\/wpwerk.com\\\/wp-content\\\/uploads\\\/2023\\\/10\\\/wpwerk-black-logo.png\",\"contentUrl\":\"https:\\\/\\\/wpwerk.com\\\/wp-content\\\/uploads\\\/2023\\\/10\\\/wpwerk-black-logo.png\",\"width\":1473,\"height\":1000,\"caption\":\"WPWerk Hosting\"},\"image\":{\"@id\":\"https:\\\/\\\/wpwerk.com\\\/da\\\/#\\\/schema\\\/logo\\\/image\\\/\"},\"sameAs\":[\"https:\\\/\\\/www.facebook.com\\\/wpwerk\\\/\",\"https:\\\/\\\/www.linkedin.com\\\/company\\\/wpwerk-hosting\\\/\",\"https:\\\/\\\/www.instagram.com\\\/wpwerk\\\/\"]}]}<\/script>\n<!-- \/ Yoast SEO plugin. -->","yoast_head_json":{"title":"Om Os - WPWerk","robots":{"index":"index","follow":"follow","max-snippet":"max-snippet:-1","max-image-preview":"max-image-preview:large","max-video-preview":"max-video-preview:-1"},"canonical":"https:\/\/wpwerk.com\/da\/om-os\/","og_locale":"da_DK","og_type":"article","og_title":"Om Os - WPWerk","og_description":"Your Attractive Heading Om Os 01 Vision Hvem er vi Styrkelse af din WordPress-rejse Speciel udviklet hosting, skr\u00e6ddersyet ekspertise Velkommen til WPWerk, din dedikerede partner i WordPress-hosting excellence. Grundlagt af en passioneret hjemmesideudvikler med omfattende ekspertise inden for WordPress-udvikling og hosting, er vores rejse rodf\u00e6stet i en dyb forst\u00e5else af det digitale landskab. Med et [&hellip;]","og_url":"https:\/\/wpwerk.com\/da\/om-os\/","og_site_name":"WPWerk","article_publisher":"https:\/\/www.facebook.com\/wpwerk\/","article_modified_time":"2024-05-10T05:43:17+00:00","og_image":[{"url":"https:\/\/wpwerk.com\/wp-content\/uploads\/2023\/10\/jes-madsen.jpg","type":"","width":"","height":""}],"twitter_card":"summary_large_image","twitter_misc":{"Estimeret l\u00e6setid":"2 minutter"},"schema":{"@context":"https:\/\/schema.org","@graph":[{"@type":"WebPage","@id":"https:\/\/wpwerk.com\/da\/om-os\/","url":"https:\/\/wpwerk.com\/da\/om-os\/","name":"Om Os - WPWerk","isPartOf":{"@id":"https:\/\/wpwerk.com\/da\/#website"},"primaryImageOfPage":{"@id":"https:\/\/wpwerk.com\/da\/om-os\/#primaryimage"},"image":{"@id":"https:\/\/wpwerk.com\/da\/om-os\/#primaryimage"},"thumbnailUrl":"https:\/\/wpwerk.com\/wp-content\/uploads\/2023\/10\/jes-madsen.jpg","datePublished":"2022-12-18T21:16:42+00:00","dateModified":"2024-05-10T05:43:17+00:00","breadcrumb":{"@id":"https:\/\/wpwerk.com\/da\/om-os\/#breadcrumb"},"inLanguage":"da-DK","potentialAction":[{"@type":"ReadAction","target":["https:\/\/wpwerk.com\/da\/om-os\/"]}]},{"@type":"ImageObject","inLanguage":"da-DK","@id":"https:\/\/wpwerk.com\/da\/om-os\/#primaryimage","url":"https:\/\/wpwerk.com\/wp-content\/uploads\/2023\/10\/jes-madsen.jpg","contentUrl":"https:\/\/wpwerk.com\/wp-content\/uploads\/2023\/10\/jes-madsen.jpg"},{"@type":"BreadcrumbList","@id":"https:\/\/wpwerk.com\/da\/om-os\/#breadcrumb","itemListElement":[{"@type":"ListItem","position":1,"name":"Home","item":"https:\/\/wpwerk.com\/da\/"},{"@type":"ListItem","position":2,"name":"Om Os"}]},{"@type":"WebSite","@id":"https:\/\/wpwerk.com\/da\/#website","url":"https:\/\/wpwerk.com\/da\/","name":"WPWerk","description":"WordPress hosting","publisher":{"@id":"https:\/\/wpwerk.com\/da\/#organization"},"potentialAction":[{"@type":"SearchAction","target":{"@type":"EntryPoint","urlTemplate":"https:\/\/wpwerk.com\/da\/?s={search_term_string}"},"query-input":{"@type":"PropertyValueSpecification","valueRequired":true,"valueName":"search_term_string"}}],"inLanguage":"da-DK"},{"@type":"Organization","@id":"https:\/\/wpwerk.com\/da\/#organization","name":"WPWerk Hosting","url":"https:\/\/wpwerk.com\/da\/","logo":{"@type":"ImageObject","inLanguage":"da-DK","@id":"https:\/\/wpwerk.com\/da\/#\/schema\/logo\/image\/","url":"https:\/\/wpwerk.com\/wp-content\/uploads\/2023\/10\/wpwerk-black-logo.png","contentUrl":"https:\/\/wpwerk.com\/wp-content\/uploads\/2023\/10\/wpwerk-black-logo.png","width":1473,"height":1000,"caption":"WPWerk Hosting"},"image":{"@id":"https:\/\/wpwerk.com\/da\/#\/schema\/logo\/image\/"},"sameAs":["https:\/\/www.facebook.com\/wpwerk\/","https:\/\/www.linkedin.com\/company\/wpwerk-hosting\/","https:\/\/www.instagram.com\/wpwerk\/"]}]}},"uagb_featured_image_src":{"full":false,"thumbnail":false,"medium":false,"medium_large":false,"large":false,"1536x1536":false,"2048x2048":false,"woocommerce_thumbnail":false,"woocommerce_single":false,"woocommerce_gallery_thumbnail":false,"eh_logo_image_size":false,"eh_header_image_size":false},"uagb_author_info":{"display_name":"admin","author_link":"https:\/\/wpwerk.com\/da\/author\/root_hjl0cp6a\/"},"uagb_comment_info":0,"uagb_excerpt":"Your Attractive Heading Om Os 01 Vision Hvem er vi Styrkelse af din WordPress-rejse Speciel udviklet hosting, skr\u00e6ddersyet ekspertise Velkommen til WPWerk, din dedikerede partner i WordPress-hosting excellence. Grundlagt af en passioneret hjemmesideudvikler med omfattende ekspertise inden for WordPress-udvikling og hosting, er vores rejse rodf\u00e6stet i en dyb forst\u00e5else af det digitale landskab. Med et&hellip;","_links":{"self":[{"href":"https:\/\/wpwerk.com\/da\/wp-json\/wp\/v2\/pages\/5277","targetHints":{"allow":["GET"]}}],"collection":[{"href":"https:\/\/wpwerk.com\/da\/wp-json\/wp\/v2\/pages"}],"about":[{"href":"https:\/\/wpwerk.com\/da\/wp-json\/wp\/v2\/types\/page"}],"author":[{"embeddable":true,"href":"https:\/\/wpwerk.com\/da\/wp-json\/wp\/v2\/users\/1"}],"replies":[{"embeddable":true,"href":"https:\/\/wpwerk.com\/da\/wp-json\/wp\/v2\/comments?post=5277"}],"version-history":[{"count":0,"href":"https:\/\/wpwerk.com\/da\/wp-json\/wp\/v2\/pages\/5277\/revisions"}],"wp:attachment":[{"href":"https:\/\/wpwerk.com\/da\/wp-json\/wp\/v2\/media?parent=5277"}],"curies":[{"name":"wp","href":"https:\/\/api.w.org\/{rel}","templated":true}]}}